{"id":9553,"date":"2025-11-28T14:58:06","date_gmt":"2025-11-28T14:58:06","guid":{"rendered":"https:\/\/www.abueling.com\/blog\/apellidos-espanoles-letra-x\/"},"modified":"2026-01-05T16:53:31","modified_gmt":"2026-01-05T16:53:31","slug":"apellidos-espanoles-letra-x","status":"publish","type":"page","link":"https:\/\/www.abueling.com\/blog\/apellidos-espanoles-letra-x\/","title":{"rendered":"Apellidos que empiezan con la letra X"},"content":{"rendered":"\n<p>Los apellidos incluidos bajo la letra X  proceden de <a href=\"\/investigacion-genealogica\">investigaciones geneal\u00f3gicas<\/a> realizados.<\/p>\n\n\n\n<p>El listado est\u00e1 en constante actualizaci\u00f3n y cada ficha recoge la referencia m\u00e1s antigua localizada hasta el momento, acompa\u00f1ada de su localizaci\u00f3n geogr\u00e1fica conocida, y otra informaci\u00f3n complementaria.<br><br>Si deseas ampliar esta informaci\u00f3n o iniciar un estudio personalizado, puedes contactar con nosotros.<\/p>\n\n\n\n    <style>\n        table.surname-table {\n            width: 100%;\n            border-collapse: collapse;\n            margin-top: 20px;\n        }\n        table.surname-table th {\n            background: #f5f5f5;\n            padding: 10px;\n            font-weight: bold;\n            border-bottom: 2px solid #ddd;\n        }\n        table.surname-table td {\n            padding: 9px;\n            border-bottom: 1px solid #eee;\n        }\n        table.surname-table tr:nth-child(even) {\n            background: #fafafa;\n        }\n\n        .apellidos-pagination {\n            margin-top: 22px;\n            display: flex;\n            flex-wrap: wrap;\n            gap: 8px;\n            align-items: center;\n            font-size: 15px;\n        }\n        .apellidos-pagination .page-status {\n            margin-right: 10px;\n            opacity: .85;\n        }\n        .apellidos-pagination a,\n        .apellidos-pagination span {\n            display: inline-flex;\n            align-items: center;\n            justify-content: center;\n            height: 38px;\n            padding: 0 12px;\n            border-radius: 10px;\n            text-decoration: none;\n            border: 1px solid #e1e1e1;\n            background: #f3f3f3;\n            color: #222;\n            line-height: 1;\n            transition: transform .05s ease, background .15s ease, border-color .15s ease;\n            white-space: nowrap;\n        }\n        .apellidos-pagination a:hover {\n            background: #eaeaea;\n            border-color: #cfcfcf;\n            transform: translateY(-1px);\n        }\n        .apellidos-pagination a:focus {\n            outline: 2px solid #999;\n            outline-offset: 2px;\n        }\n        .apellidos-pagination .current-page {\n            background: #111;\n            color: #fff;\n            border-color: #111;\n            font-weight: 700;\n        }\n        .apellidos-pagination .disabled {\n            opacity: .45;\n            cursor: not-allowed;\n            pointer-events: none;\n        }\n        .apellidos-pagination .ellipsis {\n            background: transparent;\n            border: none;\n            padding: 0 4px;\n            opacity: .6;\n        }\n\n        .apellidos-range {\n            margin-top: 10px;\n            font-size: 14px;\n            opacity: .8;\n        }\n        .apellidos-range.top {\n            margin-top: 12px;\n            margin-bottom: -6px;\n        }\n    <\/style>\n\n            <div class=\"apellidos-range top\">\n            Mostrando <strong>1<\/strong>\u2013<strong>15<\/strong>\n            de <strong>15<\/strong> apellidos.\n        <\/div>\n    \n    <table class=\"surname-table\">\n        <thead>\n            <tr>\n                <th>APELLIDO<\/th>\n                <th>LOCALIZACI\u00d3N<\/th>\n                <th>A\u00d1O<\/th>\n            <\/tr>\n        <\/thead>\n        <tbody>\n\n                            \n                    \n                    <tr>\n                        <td>\n                            <a href=\"https:\/\/www.abueling.com\/blog\/apellido-xammar\/\">\n                                Xammar                             <\/a>\n                        <\/td>\n                        <td>L Ametlla del Vall\u00e9s (Barcelona)<\/td>\n                        <td>1740<\/td>\n                    <\/tr>\n\n                \n                    \n                    <tr>\n                        <td>\n                            <a href=\"https:\/\/www.abueling.com\/blog\/apellido-xanco\/\">\n                                Xanc\u00f3                             <\/a>\n                        <\/td>\n                        <td>Nas,Bellver de Cerdanya (Lleida)<\/td>\n                        <td>1833<\/td>\n                    <\/tr>\n\n                \n                    \n                    <tr>\n                        <td>\n                            <a href=\"https:\/\/www.abueling.com\/blog\/apellido-xandri\/\">\n                                Xandri                            <\/a>\n                        <\/td>\n                        <td>Estana,Montell\u00e0 i Martinet (Lleida)<\/td>\n                        <td>1770<\/td>\n                    <\/tr>\n\n                \n                    \n                    <tr>\n                        <td>\n                            <a href=\"https:\/\/www.abueling.com\/blog\/apellido-xanez\/\">\n                                X\u00e1\u00f1ez                            <\/a>\n                        <\/td>\n                        <td>Manganeses de la Polvorosa (Zamora)<\/td>\n                        <td>1720<\/td>\n                    <\/tr>\n\n                \n                    \n                    <tr>\n                        <td>\n                            <a href=\"https:\/\/www.abueling.com\/blog\/apellido-xarreta\/\">\n                                Xarreta                             <\/a>\n                        <\/td>\n                        <td>Pozuelo de Arag\u00f3n (Zaragoza)<\/td>\n                        <td>1662<\/td>\n                    <\/tr>\n\n                \n                    \n                    <tr>\n                        <td>\n                            <a href=\"https:\/\/www.abueling.com\/blog\/apellido-xarrie\/\">\n                                Xarri\u00e9                            <\/a>\n                        <\/td>\n                        <td>Barcelona<\/td>\n                        <td>1810<\/td>\n                    <\/tr>\n\n                \n                    \n                    <tr>\n                        <td>\n                            <a href=\"https:\/\/www.abueling.com\/blog\/apellido-xavarria\/\">\n                                Xavarr\u00eda                            <\/a>\n                        <\/td>\n                        <td>Viladecans (Barcelona)<\/td>\n                        <td>1865<\/td>\n                    <\/tr>\n\n                \n                    \n                    <tr>\n                        <td>\n                            <a href=\"https:\/\/www.abueling.com\/blog\/apellido-xerez\/\">\n                                Xerez                            <\/a>\n                        <\/td>\n                        <td>Hu\u00e9rcal-Overa (Almer\u00eda)<\/td>\n                        <td>1765<\/td>\n                    <\/tr>\n\n                \n                    \n                    <tr>\n                        <td>\n                            <a href=\"https:\/\/www.abueling.com\/blog\/apellido-xerico\/\">\n                                Xerico                            <\/a>\n                        <\/td>\n                        <td>Tramacastilla (Teruel)<\/td>\n                        <td>1725<\/td>\n                    <\/tr>\n\n                \n                    \n                    <tr>\n                        <td>\n                            <a href=\"https:\/\/www.abueling.com\/blog\/apellido-xifre\/\">\n                                Xifr\u00e9                            <\/a>\n                        <\/td>\n                        <td>Els Omells de Na Gaia (Lleida)<\/td>\n                        <td>1745<\/td>\n                    <\/tr>\n\n                \n                    \n                    <tr>\n                        <td>\n                            <a href=\"https:\/\/www.abueling.com\/blog\/apellido-xifro\/\">\n                                Xifro                             <\/a>\n                        <\/td>\n                        <td>Calonge<\/td>\n                        <td>1835<\/td>\n                    <\/tr>\n\n                \n                    \n                    <tr>\n                        <td>\n                            <a href=\"https:\/\/www.abueling.com\/blog\/apellido-ximenez\/\">\n                                Xim\u00e9nez                            <\/a>\n                        <\/td>\n                        <td>Barrachina (Teruel)<\/td>\n                        <td>1575<\/td>\n                    <\/tr>\n\n                \n                    \n                    <tr>\n                        <td>\n                            <a href=\"https:\/\/www.abueling.com\/blog\/apellido-ximenez-cabanero\/\">\n                                Xim\u00e9nez-Caba\u00f1ero                             <\/a>\n                        <\/td>\n                        <td>Quintanar del Rey (Cuenca)<\/td>\n                        <td>1720<\/td>\n                    <\/tr>\n\n                \n                    \n                    <tr>\n                        <td>\n                            <a href=\"https:\/\/www.abueling.com\/blog\/apellido-ximeno\/\">\n                                Ximeno                            <\/a>\n                        <\/td>\n                        <td>Torralbilla (Zaragoza)<\/td>\n                        <td>1565<\/td>\n                    <\/tr>\n\n                \n                    \n                    <tr>\n                        <td>\n                            <a href=\"https:\/\/www.abueling.com\/blog\/apellido-xinto\/\">\n                                Xinto                             <\/a>\n                        <\/td>\n                        <td>La Almunia de Do\u00f1a Godina (Zaragoza)<\/td>\n                        <td>1604<\/td>\n                    <\/tr>\n\n                            \n        <\/tbody>\n    <\/table>\n\n    \n    \n\n\n<p>A continuaci\u00f3n puedes consultar el <strong data-start=\"337\" data-end=\"396\">listado completo de apellidos ordenados alfab\u00e9ticamente<\/strong>, organizado por la letra inicial de cada apellido.<\/p>\n\n\n\n<p>Esta clasificaci\u00f3n facilita la <strong data-start=\"487\" data-end=\"522\">b\u00fasqueda de apellidos por letra<\/strong>, una herramienta especialmente \u00fatil en investigaciones de <strong data-start=\"581\" data-end=\"624\">genealog\u00eda, historia familiar y linajes<\/strong>, permitiendo acceder de forma r\u00e1pida a los apellidos documentados seg\u00fan su inicial.<\/p>\n\n\n\n<p>Selecciona una letra para explorar los apellidos correspondientes y conocer su <strong data-start=\"796\" data-end=\"847\">antig\u00fcedad documentada y localizaci\u00f3n hist\u00f3rica<\/strong>, basada en registros geneal\u00f3gicos reales.<\/p>\n\n\n\n<p><\/p>\n\n\n<h3>Haz clic en la letra inicial para ver el listado completo de apellidos:<\/h3><div class=\"abu-abecedario\"><a class=\"abu-btn\" href=\"\/blog\/apellidos-espanoles-letra-a\/\">A<\/a><a class=\"abu-btn\" href=\"\/blog\/apellidos-espanoles-letra-b\/\">B<\/a><a class=\"abu-btn\" href=\"\/blog\/apellidos-espanoles-letra-c\/\">C<\/a><a class=\"abu-btn\" href=\"\/blog\/apellidos-espanoles-letra-d\/\">D<\/a><a class=\"abu-btn\" href=\"\/blog\/apellidos-espanoles-letra-e\/\">E<\/a><a class=\"abu-btn\" href=\"\/blog\/apellidos-espanoles-letra-f\/\">F<\/a><a class=\"abu-btn\" href=\"\/blog\/apellidos-espanoles-letra-g\/\">G<\/a><a class=\"abu-btn\" href=\"\/blog\/apellidos-espanoles-letra-h\/\">H<\/a><a class=\"abu-btn\" href=\"\/blog\/apellidos-espanoles-letra-i\/\">I<\/a><a class=\"abu-btn\" href=\"\/blog\/apellidos-espanoles-letra-j\/\">J<\/a><a class=\"abu-btn\" href=\"\/blog\/apellidos-espanoles-letra-k\/\">K<\/a><a class=\"abu-btn\" href=\"\/blog\/apellidos-espanoles-letra-l\/\">L<\/a><a class=\"abu-btn\" href=\"\/blog\/apellidos-espanoles-letra-m\/\">M<\/a><a class=\"abu-btn\" href=\"\/blog\/apellidos-espanoles-letra-n\/\">N<\/a><a class=\"abu-btn\" href=\"\/blog\/apellidos-espanoles-letra-o\/\">O<\/a><a class=\"abu-btn\" href=\"\/blog\/apellidos-espanoles-letra-p\/\">P<\/a><a class=\"abu-btn\" href=\"\/blog\/apellidos-espanoles-letra-q\/\">Q<\/a><a class=\"abu-btn\" href=\"\/blog\/apellidos-espanoles-letra-r\/\">R<\/a><a class=\"abu-btn\" href=\"\/blog\/apellidos-espanoles-letra-s\/\">S<\/a><a class=\"abu-btn\" href=\"\/blog\/apellidos-espanoles-letra-t\/\">T<\/a><a class=\"abu-btn\" href=\"\/blog\/apellidos-espanoles-letra-u\/\">U<\/a><a class=\"abu-btn\" href=\"\/blog\/apellidos-espanoles-letra-v\/\">V<\/a><a class=\"abu-btn\" href=\"\/blog\/apellidos-espanoles-letra-w\/\">W<\/a><a class=\"abu-btn\" href=\"\/blog\/apellidos-espanoles-letra-x\/\">X<\/a><a class=\"abu-btn\" href=\"\/blog\/apellidos-espanoles-letra-y\/\">Y<\/a><a class=\"abu-btn\" href=\"\/blog\/apellidos-espanoles-letra-z\/\">Z<\/a><\/div>\n","protected":false},"excerpt":{"rendered":"<p>Los apellidos incluidos bajo la letra X proceden de investigaciones geneal\u00f3gicas realizados. El listado est\u00e1 en constante actualizaci\u00f3n y cada ficha recoge la referencia m\u00e1s antigua localizada hasta el momento, acompa\u00f1ada de su &hellip; <\/p>\n","protected":false},"author":2,"featured_media":0,"parent":0,"menu_order":0,"comment_status":"closed","ping_status":"closed","template":"","meta":{"footnotes":""},"class_list":["post-9553","page","type-page","status-publish","hentry"],"aioseo_notices":[],"_links":{"self":[{"href":"https:\/\/www.abueling.com\/blog\/wp-json\/wp\/v2\/pages\/9553","targetHints":{"allow":["GET"]}}],"collection":[{"href":"https:\/\/www.abueling.com\/blog\/wp-json\/wp\/v2\/pages"}],"about":[{"href":"https:\/\/www.abueling.com\/blog\/wp-json\/wp\/v2\/types\/page"}],"author":[{"embeddable":true,"href":"https:\/\/www.abueling.com\/blog\/wp-json\/wp\/v2\/users\/2"}],"replies":[{"embeddable":true,"href":"https:\/\/www.abueling.com\/blog\/wp-json\/wp\/v2\/comments?post=9553"}],"version-history":[{"count":2,"href":"https:\/\/www.abueling.com\/blog\/wp-json\/wp\/v2\/pages\/9553\/revisions"}],"predecessor-version":[{"id":9993,"href":"https:\/\/www.abueling.com\/blog\/wp-json\/wp\/v2\/pages\/9553\/revisions\/9993"}],"wp:attachment":[{"href":"https:\/\/www.abueling.com\/blog\/wp-json\/wp\/v2\/media?parent=9553"}],"curies":[{"name":"wp","href":"https:\/\/api.w.org\/{rel}","templated":true}]}}