{"id":9546,"date":"2025-11-28T14:58:06","date_gmt":"2025-11-28T14:58:06","guid":{"rendered":"https:\/\/www.abueling.com\/blog\/apellidos-espanoles-letra-q\/"},"modified":"2026-01-05T16:38:25","modified_gmt":"2026-01-05T16:38:25","slug":"apellidos-espanoles-letra-q","status":"publish","type":"page","link":"https:\/\/www.abueling.com\/blog\/apellidos-espanoles-letra-q\/","title":{"rendered":"Apellidos que empiezan con la letra Q"},"content":{"rendered":"\n<p><\/p>\n\n\n\n<p>Esta secci\u00f3n re\u00fane decenas de apellidos que comienzan por la letra Q, documentados a partir de fuentes hist\u00f3ricas verificables.<br><br>La informaci\u00f3n presentada corresponde al <a href=\"\/investigacion-genealogica\">antepasado<\/a> m\u00e1s antiguo identificado hasta el momento, sin que ello implique que no existan registros anteriores a\u00fan no localizados.<br><br>Si deseas profundizar en la historia de un apellido concreto o iniciar una investigaci\u00f3n geneal\u00f3gica, puedes <a href=\"\/contactar\">ponerte en contacto<\/a> con nuestro equipo.<\/p>\n\n\n\n    <style>\n        table.surname-table {\n            width: 100%;\n            border-collapse: collapse;\n            margin-top: 20px;\n        }\n        table.surname-table th {\n            background: #f5f5f5;\n            padding: 10px;\n            font-weight: bold;\n            border-bottom: 2px solid #ddd;\n        }\n        table.surname-table td {\n            padding: 9px;\n            border-bottom: 1px solid #eee;\n        }\n        table.surname-table tr:nth-child(even) {\n            background: #fafafa;\n        }\n\n        .apellidos-pagination {\n            margin-top: 22px;\n            display: flex;\n            flex-wrap: wrap;\n            gap: 8px;\n            align-items: center;\n            font-size: 15px;\n        }\n        .apellidos-pagination .page-status {\n            margin-right: 10px;\n            opacity: .85;\n        }\n        .apellidos-pagination a,\n        .apellidos-pagination span {\n            display: inline-flex;\n            align-items: center;\n            justify-content: center;\n            height: 38px;\n            padding: 0 12px;\n            border-radius: 10px;\n            text-decoration: none;\n            border: 1px solid #e1e1e1;\n            background: #f3f3f3;\n            color: #222;\n            line-height: 1;\n            transition: transform .05s ease, background .15s ease, border-color .15s ease;\n            white-space: nowrap;\n        }\n        .apellidos-pagination a:hover {\n            background: #eaeaea;\n            border-color: #cfcfcf;\n            transform: translateY(-1px);\n        }\n        .apellidos-pagination a:focus {\n            outline: 2px solid #999;\n            outline-offset: 2px;\n        }\n        .apellidos-pagination .current-page {\n            background: #111;\n            color: #fff;\n            border-color: #111;\n            font-weight: 700;\n        }\n        .apellidos-pagination .disabled {\n            opacity: .45;\n            cursor: not-allowed;\n            pointer-events: none;\n        }\n        .apellidos-pagination .ellipsis {\n            background: transparent;\n            border: none;\n            padding: 0 4px;\n            opacity: .6;\n        }\n\n        .apellidos-range {\n            margin-top: 10px;\n            font-size: 14px;\n            opacity: .8;\n        }\n        .apellidos-range.top {\n            margin-top: 12px;\n            margin-bottom: -6px;\n        }\n    <\/style>\n\n            <div class=\"apellidos-range top\">\n            Mostrando <strong>1<\/strong>\u2013<strong>43<\/strong>\n            de <strong>43<\/strong> apellidos.\n        <\/div>\n    \n    <table class=\"surname-table\">\n        <thead>\n            <tr>\n                <th>APELLIDO<\/th>\n                <th>LOCALIZACI\u00d3N<\/th>\n                <th>A\u00d1O<\/th>\n            <\/tr>\n        <\/thead>\n        <tbody>\n\n                            \n                    \n                    <tr>\n                        <td>\n                            <a href=\"https:\/\/www.abueling.com\/blog\/apellido-quadrado\/\">\n                                Quadrado                            <\/a>\n                        <\/td>\n                        <td>Romancos,Brihuega (Guadalajara)<\/td>\n                        <td>1755<\/td>\n                    <\/tr>\n\n                \n                    \n                    <tr>\n                        <td>\n                            <a href=\"https:\/\/www.abueling.com\/blog\/apellido-quartero\/\">\n                                Quartero                            <\/a>\n                        <\/td>\n                        <td>Tabuenca (Zaragoza)<\/td>\n                        <td>1540<\/td>\n                    <\/tr>\n\n                \n                    \n                    <tr>\n                        <td>\n                            <a href=\"https:\/\/www.abueling.com\/blog\/apellido-quatrina\/\">\n                                Quatrina                            <\/a>\n                        <\/td>\n                        <td>Campelles (Girona)<\/td>\n                        <td>1720<\/td>\n                    <\/tr>\n\n                \n                    \n                    <tr>\n                        <td>\n                            <a href=\"https:\/\/www.abueling.com\/blog\/apellido-queipo\/\">\n                                Queipo                            <\/a>\n                        <\/td>\n                        <td>Villanueva,Valledor,Allande (Asturias)<\/td>\n                        <td>1830<\/td>\n                    <\/tr>\n\n                \n                    \n                    <tr>\n                        <td>\n                            <a href=\"https:\/\/www.abueling.com\/blog\/apellido-quende\/\">\n                                Quende                             <\/a>\n                        <\/td>\n                        <td>Andosilla (Navarra)<\/td>\n                        <td>1675<\/td>\n                    <\/tr>\n\n                \n                    \n                    <tr>\n                        <td>\n                            <a href=\"https:\/\/www.abueling.com\/blog\/apellido-quer\/\">\n                                Quer                            <\/a>\n                        <\/td>\n                        <td>Castellar del Vall\u00e9s (Barcelona)<\/td>\n                        <td>1800<\/td>\n                    <\/tr>\n\n                \n                    \n                    <tr>\n                        <td>\n                            <a href=\"https:\/\/www.abueling.com\/blog\/apellido-queral\/\">\n                                Queral                            <\/a>\n                        <\/td>\n                        <td>Prenafeta,Montblanc (Tarragona)<\/td>\n                        <td>1790<\/td>\n                    <\/tr>\n\n                \n                    \n                    <tr>\n                        <td>\n                            <a href=\"https:\/\/www.abueling.com\/blog\/apellido-queralt\/\">\n                                Queralt                            <\/a>\n                        <\/td>\n                        <td>Vinaixa (Lleida)<\/td>\n                        <td>1615<\/td>\n                    <\/tr>\n\n                \n                    \n                    <tr>\n                        <td>\n                            <a href=\"https:\/\/www.abueling.com\/blog\/apellido-querejazu\/\">\n                                Querejazu                             <\/a>\n                        <\/td>\n                        <td>Sabando,Arraia-Maeztu (\u00c1lava)<\/td>\n                        <td>1762<\/td>\n                    <\/tr>\n\n                \n                    \n                    <tr>\n                        <td>\n                            <a href=\"https:\/\/www.abueling.com\/blog\/apellido-querejeta\/\">\n                                Querejeta                            <\/a>\n                        <\/td>\n                        <td>Artziniega (\u00c1lava)<\/td>\n                        <td>1830<\/td>\n                    <\/tr>\n\n                \n                    \n                    <tr>\n                        <td>\n                            <a href=\"https:\/\/www.abueling.com\/blog\/apellido-quero\/\">\n                                Quero                            <\/a>\n                        <\/td>\n                        <td>\u00c9cija (Sevilla)<\/td>\n                        <td>1745<\/td>\n                    <\/tr>\n\n                \n                    \n                    <tr>\n                        <td>\n                            <a href=\"https:\/\/www.abueling.com\/blog\/apellido-querol\/\">\n                                Querol                            <\/a>\n                        <\/td>\n                        <td>Font-Rub\u00ed (Barcelona)<\/td>\n                        <td>1835<\/td>\n                    <\/tr>\n\n                \n                    \n                    <tr>\n                        <td>\n                            <a href=\"https:\/\/www.abueling.com\/blog\/apellido-quesada\/\">\n                                Quesada                            <\/a>\n                        <\/td>\n                        <td>Murcia(Santa Maria)<\/td>\n                        <td>1660<\/td>\n                    <\/tr>\n\n                \n                    \n                    <tr>\n                        <td>\n                            <a href=\"https:\/\/www.abueling.com\/blog\/apellido-quetglas\/\">\n                                Quetglas                             <\/a>\n                        <\/td>\n                        <td>Inca (Baleares)<\/td>\n                        <td>1895<\/td>\n                    <\/tr>\n\n                \n                    \n                    <tr>\n                        <td>\n                            <a href=\"https:\/\/www.abueling.com\/blog\/apellido-quevedo\/\">\n                                Quevedo                            <\/a>\n                        <\/td>\n                        <td>Mula(Murcia)<\/td>\n                        <td>1625<\/td>\n                    <\/tr>\n\n                \n                    \n                    <tr>\n                        <td>\n                            <a href=\"https:\/\/www.abueling.com\/blog\/apellido-qui\/\">\n                                Qui                            <\/a>\n                        <\/td>\n                        <td>Lleida<\/td>\n                        <td>1760<\/td>\n                    <\/tr>\n\n                \n                    \n                    <tr>\n                        <td>\n                            <a href=\"https:\/\/www.abueling.com\/blog\/apellido-quijada\/\">\n                                Quijada                            <\/a>\n                        <\/td>\n                        <td>Cieza(Murcia)<\/td>\n                        <td>1726<\/td>\n                    <\/tr>\n\n                \n                    \n                    <tr>\n                        <td>\n                            <a href=\"https:\/\/www.abueling.com\/blog\/apellido-quijano\/\">\n                                Quijano                            <\/a>\n                        <\/td>\n                        <td>A\u00e9s,Puente Viesgo (Cantabria)<\/td>\n                        <td>1695<\/td>\n                    <\/tr>\n\n                \n                    \n                    <tr>\n                        <td>\n                            <a href=\"https:\/\/www.abueling.com\/blog\/apellido-quijas\/\">\n                                Quijas                            <\/a>\n                        <\/td>\n                        <td>Almad\u00e9n (Ciudad Real)<\/td>\n                        <td>1865<\/td>\n                    <\/tr>\n\n                \n                    \n                    <tr>\n                        <td>\n                            <a href=\"https:\/\/www.abueling.com\/blog\/apellido-quiles\/\">\n                                Quiles                            <\/a>\n                        <\/td>\n                        <td>Pedralba (Valencia)<\/td>\n                        <td>1770<\/td>\n                    <\/tr>\n\n                \n                    \n                    <tr>\n                        <td>\n                            <a href=\"https:\/\/www.abueling.com\/blog\/apellido-quilez\/\">\n                                Qu\u00edlez                            <\/a>\n                        <\/td>\n                        <td>Almansa (Albacete)<\/td>\n                        <td>1720<\/td>\n                    <\/tr>\n\n                \n                    \n                    <tr>\n                        <td>\n                            <a href=\"https:\/\/www.abueling.com\/blog\/apellido-quindos\/\">\n                                Quindos                            <\/a>\n                        <\/td>\n                        <td>San Pedro de Quint\u00e1,As Nogais (Lugo)<\/td>\n                        <td>1735<\/td>\n                    <\/tr>\n\n                \n                    \n                    <tr>\n                        <td>\n                            <a href=\"https:\/\/www.abueling.com\/blog\/apellido-quinones\/\">\n                                Qui\u00f1ones                            <\/a>\n                        <\/td>\n                        <td>Murcia<\/td>\n                        <td>1646<\/td>\n                    <\/tr>\n\n                \n                    \n                    <tr>\n                        <td>\n                            <a href=\"https:\/\/www.abueling.com\/blog\/apellido-quinta\/\">\n                                Quinta                             <\/a>\n                        <\/td>\n                        <td>Santa Mari\u00f1a de Pescoso,Rodeiro (Pontevedra)<\/td>\n                        <td>1845<\/td>\n                    <\/tr>\n\n                \n                    \n                    <tr>\n                        <td>\n                            <a href=\"https:\/\/www.abueling.com\/blog\/apellido-quintales\/\">\n                                Quintales                            <\/a>\n                        <\/td>\n                        <td>Alburquerque (Badajoz)<\/td>\n                        <td>1805<\/td>\n                    <\/tr>\n\n                \n                    \n                    <tr>\n                        <td>\n                            <a href=\"https:\/\/www.abueling.com\/blog\/apellido-quintana\/\">\n                                Quintana                             <\/a>\n                        <\/td>\n                        <td>Onraita,Arraia-Maeztu (\u00c1lava)<\/td>\n                        <td>1683<\/td>\n                    <\/tr>\n\n                \n                    \n                    <tr>\n                        <td>\n                            <a href=\"https:\/\/www.abueling.com\/blog\/apellido-quintanal\/\">\n                                Quintanal                            <\/a>\n                        <\/td>\n                        <td>San Mart\u00edn,Santiurde de Toranzo (Cantabria)<\/td>\n                        <td>1705<\/td>\n                    <\/tr>\n\n                \n                    \n                    <tr>\n                        <td>\n                            <a href=\"https:\/\/www.abueling.com\/blog\/apellido-quintanera\/\">\n                                Quintanera                            <\/a>\n                        <\/td>\n                        <td>Escalona (Toledo)<\/td>\n                        <td>1790<\/td>\n                    <\/tr>\n\n                \n                    \n                    <tr>\n                        <td>\n                            <a href=\"https:\/\/www.abueling.com\/blog\/apellido-quintanilla\/\">\n                                Quintanilla                            <\/a>\n                        <\/td>\n                        <td>La Roda (Albacete)<\/td>\n                        <td>1800<\/td>\n                    <\/tr>\n\n                \n                    \n                    <tr>\n                        <td>\n                            <a href=\"https:\/\/www.abueling.com\/blog\/apellido-quintano\/\">\n                                Quintano                            <\/a>\n                        <\/td>\n                        <td>Cellorigo (La Rioja)<\/td>\n                        <td>1755<\/td>\n                    <\/tr>\n\n                \n                    \n                    <tr>\n                        <td>\n                            <a href=\"https:\/\/www.abueling.com\/blog\/apellido-quintar\/\">\n                                Quintar                            <\/a>\n                        <\/td>\n                        <td>Priego (C\u00f3rdoba)<\/td>\n                        <td>1725<\/td>\n                    <\/tr>\n\n                \n                    \n                    <tr>\n                        <td>\n                            <a href=\"https:\/\/www.abueling.com\/blog\/apellido-quintas\/\">\n                                Quintas                            <\/a>\n                        <\/td>\n                        <td>A Portela da Aira Vella,Santo Estevo de Allariz,Allariz (Ourense)<\/td>\n                        <td>1840<\/td>\n                    <\/tr>\n\n                \n                    \n                    <tr>\n                        <td>\n                            <a href=\"https:\/\/www.abueling.com\/blog\/apellido-quintela\/\">\n                                Quintela                            <\/a>\n                        <\/td>\n                        <td>Armental,Vilasantar (A Coru\u00f1a)<\/td>\n                        <td>1805<\/td>\n                    <\/tr>\n\n                \n                    \n                    <tr>\n                        <td>\n                            <a href=\"https:\/\/www.abueling.com\/blog\/apellido-quintero\/\">\n                                Quintero                            <\/a>\n                        <\/td>\n                        <td>Conil de la Frontera (C\u00e1diz)<\/td>\n                        <td>1790<\/td>\n                    <\/tr>\n\n                \n                    \n                    <tr>\n                        <td>\n                            <a href=\"https:\/\/www.abueling.com\/blog\/apellido-quintin\/\">\n                                Quint\u00edn                            <\/a>\n                        <\/td>\n                        <td>Mediana de Arag\u00f3n (Zaragoza)<\/td>\n                        <td>1765<\/td>\n                    <\/tr>\n\n                \n                    \n                    <tr>\n                        <td>\n                            <a href=\"https:\/\/www.abueling.com\/blog\/apellido-quinto\/\">\n                                Quinto                            <\/a>\n                        <\/td>\n                        <td>Albatera (Alicante)<\/td>\n                        <td>1775<\/td>\n                    <\/tr>\n\n                \n                    \n                    <tr>\n                        <td>\n                            <a href=\"https:\/\/www.abueling.com\/blog\/apellido-quiralte\/\">\n                                Quiralte                            <\/a>\n                        <\/td>\n                        <td>Tomelloso (Ciudad Real)<\/td>\n                        <td>1855<\/td>\n                    <\/tr>\n\n                \n                    \n                    <tr>\n                        <td>\n                            <a href=\"https:\/\/www.abueling.com\/blog\/apellido-quiran\/\">\n                                Quiran                            <\/a>\n                        <\/td>\n                        <td>Elche(Alicante)<\/td>\n                        <td>1785<\/td>\n                    <\/tr>\n\n                \n                    \n                    <tr>\n                        <td>\n                            <a href=\"https:\/\/www.abueling.com\/blog\/apellido-quirant\/\">\n                                Quirant                            <\/a>\n                        <\/td>\n                        <td>Elche(Alicante)<\/td>\n                        <td>1552<\/td>\n                    <\/tr>\n\n                \n                    \n                    <tr>\n                        <td>\n                            <a href=\"https:\/\/www.abueling.com\/blog\/apellido-quirante\/\">\n                                Quirante                            <\/a>\n                        <\/td>\n                        <td>Coy (Murcia)<\/td>\n                        <td>1830<\/td>\n                    <\/tr>\n\n                \n                    \n                    <tr>\n                        <td>\n                            <a href=\"https:\/\/www.abueling.com\/blog\/apellido-quiroga\/\">\n                                Quiroga                            <\/a>\n                        <\/td>\n                        <td>Vilar de Frades,Ouselle,Becerre\u00e1 (Lugo)<\/td>\n                        <td>1740<\/td>\n                    <\/tr>\n\n                \n                    \n                    <tr>\n                        <td>\n                            <a href=\"https:\/\/www.abueling.com\/blog\/apellido-quiros\/\">\n                                Quir\u00f3s                            <\/a>\n                        <\/td>\n                        <td>Osuna (Sevilla)<\/td>\n                        <td>1750<\/td>\n                    <\/tr>\n\n                \n                    \n                    <tr>\n                        <td>\n                            <a href=\"https:\/\/www.abueling.com\/blog\/apellido-quiroz\/\">\n                                Quiroz                             <\/a>\n                        <\/td>\n                        <td>Jerez de la Frontera (C\u00e1diz)<\/td>\n                        <td>1917<\/td>\n                    <\/tr>\n\n                            \n        <\/tbody>\n    <\/table>\n\n    \n    \n\n\n<p>A continuaci\u00f3n puedes consultar el <strong data-start=\"337\" data-end=\"396\">listado completo de apellidos ordenados alfab\u00e9ticamente<\/strong>, organizado por la letra inicial de cada apellido.<\/p>\n\n\n\n<p>Esta clasificaci\u00f3n facilita la <strong data-start=\"487\" data-end=\"522\">b\u00fasqueda de apellidos por letra<\/strong>, una herramienta especialmente \u00fatil en investigaciones de <strong data-start=\"581\" data-end=\"624\">genealog\u00eda, historia familiar y linajes<\/strong>, permitiendo acceder de forma r\u00e1pida a los apellidos documentados seg\u00fan su inicial.<\/p>\n\n\n\n<p>Selecciona una letra para explorar los apellidos correspondientes y conocer su <strong data-start=\"796\" data-end=\"847\">antig\u00fcedad documentada y localizaci\u00f3n hist\u00f3rica<\/strong>, basada en registros geneal\u00f3gicos reales.<\/p>\n\n\n\n<p><\/p>\n\n\n<h3>Haz clic en la letra inicial para ver el listado completo de apellidos:<\/h3><div class=\"abu-abecedario\"><a class=\"abu-btn\" href=\"\/blog\/apellidos-espanoles-letra-a\/\">A<\/a><a class=\"abu-btn\" href=\"\/blog\/apellidos-espanoles-letra-b\/\">B<\/a><a class=\"abu-btn\" href=\"\/blog\/apellidos-espanoles-letra-c\/\">C<\/a><a class=\"abu-btn\" href=\"\/blog\/apellidos-espanoles-letra-d\/\">D<\/a><a class=\"abu-btn\" href=\"\/blog\/apellidos-espanoles-letra-e\/\">E<\/a><a class=\"abu-btn\" href=\"\/blog\/apellidos-espanoles-letra-f\/\">F<\/a><a class=\"abu-btn\" href=\"\/blog\/apellidos-espanoles-letra-g\/\">G<\/a><a class=\"abu-btn\" href=\"\/blog\/apellidos-espanoles-letra-h\/\">H<\/a><a class=\"abu-btn\" href=\"\/blog\/apellidos-espanoles-letra-i\/\">I<\/a><a class=\"abu-btn\" href=\"\/blog\/apellidos-espanoles-letra-j\/\">J<\/a><a class=\"abu-btn\" href=\"\/blog\/apellidos-espanoles-letra-k\/\">K<\/a><a class=\"abu-btn\" href=\"\/blog\/apellidos-espanoles-letra-l\/\">L<\/a><a class=\"abu-btn\" href=\"\/blog\/apellidos-espanoles-letra-m\/\">M<\/a><a class=\"abu-btn\" href=\"\/blog\/apellidos-espanoles-letra-n\/\">N<\/a><a class=\"abu-btn\" href=\"\/blog\/apellidos-espanoles-letra-o\/\">O<\/a><a class=\"abu-btn\" href=\"\/blog\/apellidos-espanoles-letra-p\/\">P<\/a><a class=\"abu-btn\" href=\"\/blog\/apellidos-espanoles-letra-q\/\">Q<\/a><a class=\"abu-btn\" href=\"\/blog\/apellidos-espanoles-letra-r\/\">R<\/a><a class=\"abu-btn\" href=\"\/blog\/apellidos-espanoles-letra-s\/\">S<\/a><a class=\"abu-btn\" href=\"\/blog\/apellidos-espanoles-letra-t\/\">T<\/a><a class=\"abu-btn\" href=\"\/blog\/apellidos-espanoles-letra-u\/\">U<\/a><a class=\"abu-btn\" href=\"\/blog\/apellidos-espanoles-letra-v\/\">V<\/a><a class=\"abu-btn\" href=\"\/blog\/apellidos-espanoles-letra-w\/\">W<\/a><a class=\"abu-btn\" href=\"\/blog\/apellidos-espanoles-letra-x\/\">X<\/a><a class=\"abu-btn\" href=\"\/blog\/apellidos-espanoles-letra-y\/\">Y<\/a><a class=\"abu-btn\" href=\"\/blog\/apellidos-espanoles-letra-z\/\">Z<\/a><\/div>\n","protected":false},"excerpt":{"rendered":"<p>Esta secci\u00f3n re\u00fane decenas de apellidos que comienzan por la letra Q, documentados a partir de fuentes hist\u00f3ricas verificables. La informaci\u00f3n presentada corresponde al antepasado m\u00e1s antiguo identificado hasta el momento, sin que &hellip; <\/p>\n","protected":false},"author":2,"featured_media":0,"parent":0,"menu_order":0,"comment_status":"closed","ping_status":"closed","template":"","meta":{"footnotes":""},"class_list":["post-9546","page","type-page","status-publish","hentry"],"aioseo_notices":[],"_links":{"self":[{"href":"https:\/\/www.abueling.com\/blog\/wp-json\/wp\/v2\/pages\/9546","targetHints":{"allow":["GET"]}}],"collection":[{"href":"https:\/\/www.abueling.com\/blog\/wp-json\/wp\/v2\/pages"}],"about":[{"href":"https:\/\/www.abueling.com\/blog\/wp-json\/wp\/v2\/types\/page"}],"author":[{"embeddable":true,"href":"https:\/\/www.abueling.com\/blog\/wp-json\/wp\/v2\/users\/2"}],"replies":[{"embeddable":true,"href":"https:\/\/www.abueling.com\/blog\/wp-json\/wp\/v2\/comments?post=9546"}],"version-history":[{"count":2,"href":"https:\/\/www.abueling.com\/blog\/wp-json\/wp\/v2\/pages\/9546\/revisions"}],"predecessor-version":[{"id":9980,"href":"https:\/\/www.abueling.com\/blog\/wp-json\/wp\/v2\/pages\/9546\/revisions\/9980"}],"wp:attachment":[{"href":"https:\/\/www.abueling.com\/blog\/wp-json\/wp\/v2\/media?parent=9546"}],"curies":[{"name":"wp","href":"https:\/\/api.w.org\/{rel}","templated":true}]}}