{"id":25,"date":"2013-01-21T22:40:21","date_gmt":"2013-01-21T21:40:21","guid":{"rendered":"https:\/\/www.abueling.com\/blog\/?page_id=25"},"modified":"2020-04-24T10:54:20","modified_gmt":"2020-04-24T10:54:20","slug":"como-podemos-ayudarte","status":"publish","type":"page","link":"https:\/\/www.abueling.com\/blog\/como-podemos-ayudarte\/","title":{"rendered":"\u00c1rbol Geneal\u00f3gico &#8211; B\u00fasqueda de Antepasados"},"content":{"rendered":"\n<div class=\"wp-block-image\"><figure class=\"aligncenter\"><a href=\"https:\/\/www.abueling.com\" rel=\"attachment wp-att-35\"><img decoding=\"async\" width=\"300\" height=\"112\" src=\"https:\/\/www.abueling.com\/blog\/wp-content\/uploads\/2014\/09\/Logo-300x112.jpg\" alt=\"Arboles geneal\u00f3gicos e Historia Familiar\" class=\"wp-image-1130\" title=\"B\u00fasqueda de Antepasados - \u00c1rbol geneal\u00f3gico\" srcset=\"https:\/\/www.abueling.com\/blog\/wp-content\/uploads\/2014\/09\/Logo-300x112.jpg 300w, https:\/\/www.abueling.com\/blog\/wp-content\/uploads\/2014\/09\/Logo-1024x383.jpg 1024w, https:\/\/www.abueling.com\/blog\/wp-content\/uploads\/2014\/09\/Logo-900x336.jpg 900w\" sizes=\"(max-width: 300px) 100vw, 300px\" \/><\/a><\/figure><\/div>\n\n\n\n<p class=\"has-text-align-left\"><a href=\"https:\/\/www.abueling.com\" rel=\"attachment wp-att-35\"><br><\/a><strong>Abueling.com<\/strong> inici\u00f3 su andadura a principios del a\u00f1o 2007 ofreciendo <a href=\"\/investigacion-genealogica\">investigaciones geneal\u00f3gicas<\/a> de antepasados a precios razonables, siempre ligados a la obtenci\u00f3n de resultados y no a las horas de consulta en los archivos, como caracter\u00edstica diferencial de la empresa.<\/p>\n\n\n\n<p class=\"has-text-align-left\">Posteriormente y de modo paulatino se han incorporado nuevos servicios relacionados con la genealog\u00eda y las memorias familiares en general.<\/p>\n\n\n\n<p class=\"has-text-align-left\">Actualmente disponemos del siguiente cat\u00e1logo de&nbsp;<a href=\"https:\/\/www.abueling.com\">productos y servicios<\/a>.<\/p>\n\n\n\n<ul class=\"wp-block-list\"><li><a title=\"Estudios Geneal\u00f3gicos de Antepasados\" href=\"https:\/\/www.abueling.com\/estudios_genealogicos.htm\">Estudios Geneal\u00f3gicos<\/a><\/li><li><a title=\"Investigaciones especiales. B\u00fasqueda de documentaci\u00f3n hist\u00f3rica\" href=\"https:\/\/www.abueling.com\/investigaciones_especiales.htm\">Investigaciones especiales<\/a><\/li><li><a title=\"\u00c1rboles familiares personalizados para regalar\" href=\"https:\/\/www.abueling.com\/arboles-genealogicos\">Representaciones gr\u00e1ficas del \u00e1rbol de familia personalizado<\/a><\/li><li><a title=\"\u00c1rboles geneal\u00f3gicos para rellenar\" href=\"https:\/\/www.abueling.com\/arbol_genealogico_para_rellenar.php\">Plantillas standard para rellenar<\/a><\/li><li><a title=\"Escudos her\u00e1ldicos\" href=\"https:\/\/www.abueling.com\/escudos_heraldicos.htm\">Escudos Her\u00e1ldicos<\/a><\/li><li><a title=\"Libros de Homenaje y biograf\u00edas.\" href=\"https:\/\/www.abueling.com\/libro_homenaje.htm\">Libros de Antepasados y de Homenaje<\/a><\/li><li><a title=\"Videos familiares para regalar\" href=\"https:\/\/www.abueling.com\/video_memorias.htm\">Videos de Memorias<\/a><\/li><li><a title=\"Edici\u00f3n y retoque fotogr\u00e1fico\" href=\"https:\/\/www.abueling.com\/edicion_fotografica.htm\">Edici\u00f3n digital de Fotograf\u00edas<\/a><\/li><\/ul>\n\n\n\n<div class=\"wp-block-image\"><figure class=\"aligncenter\"><img fetchpriority=\"high\" decoding=\"async\" width=\"300\" height=\"300\" src=\"https:\/\/www.abueling.com\/blog\/wp-content\/uploads\/2013\/01\/regalo_original-300x300.jpg\" alt=\"B\u00fasqueda de antepasados, \u00e1rbol geneal\u00f3gico y regalos familiares\" class=\"wp-image-87\" srcset=\"https:\/\/www.abueling.com\/blog\/wp-content\/uploads\/2013\/01\/regalo_original-300x300.jpg 300w, https:\/\/www.abueling.com\/blog\/wp-content\/uploads\/2013\/01\/regalo_original-150x150.jpg 150w, https:\/\/www.abueling.com\/blog\/wp-content\/uploads\/2013\/01\/regalo_original.jpg 800w\" sizes=\"(max-width: 300px) 100vw, 300px\" \/><\/figure><\/div>\n\n\n\n<p class=\"has-text-align-center\"><b>Conoce nuestros servicios en <a href=\"https:\/\/www.abueling.com\">www.abueling.com<\/a><\/b><\/p>\n\n\n\n<h3 class=\"wp-block-heading\"><span style=\"color: #2c2b2b; font-size: 12px; font-weight: normal; line-height: 18px;\">Desde nuestro blog podr\u00e1s seguir de un modo m\u00e1s din\u00e1mico nuestra actividad, tener acceso r\u00e1pido a las novedades y aprender con nuestros art\u00edculos relacionados con la genealog\u00eda y los recuerdos familiares en general.<\/span><\/h3>\n\n\n\n<p>Nos gustar\u00eda contribuir a divulgar la ciencia geneal\u00f3gica y ayudarte con el estudio de tu Historia Familiar desde la experiencia conseguida con nuestros estudios geneal\u00f3gicos profesionales. Para ello te invitamos a leer y a comentar nuestras entradas.<\/p>\n\n\n\n<p>Si\u00e9ntete libre tambi\u00e9n de aportar cualquier comentario a las entradas o sugerir lo que desees acerca de nuestros productos y servicios.<\/p>\n\n\n\n<p><strong><a style=\"font-size: 12px; line-height: 18px;\" href=\"https:\/\/www.abueling.com\/\">www.abueling.com<\/a><\/strong><\/p>\n","protected":false},"excerpt":{"rendered":"<p>Abueling.com inici\u00f3 su andadura a principios del a\u00f1o 2007 ofreciendo investigaciones geneal\u00f3gicas de antepasados a precios razonables, siempre ligados a la obtenci\u00f3n de resultados y no a las horas de consulta en los &hellip; <\/p>\n","protected":false},"author":2,"featured_media":0,"parent":0,"menu_order":0,"comment_status":"open","ping_status":"closed","template":"","meta":{"footnotes":""},"class_list":["post-25","page","type-page","status-publish","hentry"],"aioseo_notices":[],"_links":{"self":[{"href":"https:\/\/www.abueling.com\/blog\/wp-json\/wp\/v2\/pages\/25","targetHints":{"allow":["GET"]}}],"collection":[{"href":"https:\/\/www.abueling.com\/blog\/wp-json\/wp\/v2\/pages"}],"about":[{"href":"https:\/\/www.abueling.com\/blog\/wp-json\/wp\/v2\/types\/page"}],"author":[{"embeddable":true,"href":"https:\/\/www.abueling.com\/blog\/wp-json\/wp\/v2\/users\/2"}],"replies":[{"embeddable":true,"href":"https:\/\/www.abueling.com\/blog\/wp-json\/wp\/v2\/comments?post=25"}],"version-history":[{"count":0,"href":"https:\/\/www.abueling.com\/blog\/wp-json\/wp\/v2\/pages\/25\/revisions"}],"wp:attachment":[{"href":"https:\/\/www.abueling.com\/blog\/wp-json\/wp\/v2\/media?parent=25"}],"curies":[{"name":"wp","href":"https:\/\/api.w.org\/{rel}","templated":true}]}}